{"id":385,"date":"2024-03-29T21:29:16","date_gmt":"2024-03-29T21:29:16","guid":{"rendered":"https:\/\/tourlisboeta.com\/?page_id=385"},"modified":"2024-05-04T18:32:22","modified_gmt":"2024-05-04T18:32:22","slug":"agendamento","status":"publish","type":"page","link":"https:\/\/tourlisboeta.com\/index.php\/agendamento\/","title":{"rendered":"Agendamento"},"content":{"rendered":"\t\t<div data-elementor-type=\"wp-page\" data-elementor-id=\"385\" class=\"elementor elementor-385\" data-elementor-post-type=\"page\">\n\t\t\t\t<div class=\"elementor-element elementor-element-964cdd8 e-flex e-con-boxed e-con e-parent\" data-id=\"964cdd8\" data-element_type=\"container\" data-settings=\"{&quot;background_background&quot;:&quot;classic&quot;,&quot;_ha_eqh_enable&quot;:false}\">\n\t\t\t\t\t<div class=\"e-con-inner\">\n\t\t<div class=\"elementor-element elementor-element-6ac5809 e-con-full e-flex e-con e-child\" data-id=\"6ac5809\" data-element_type=\"container\" data-settings=\"{&quot;_ha_eqh_enable&quot;:false}\">\n\t\t\t\t<div class=\"elementor-element elementor-element-7e5a810 elementor-widget elementor-widget-heading\" data-id=\"7e5a810\" data-element_type=\"widget\" data-widget_type=\"heading.default\">\n\t\t\t\t<div class=\"elementor-widget-container\">\n\t\t\t\t\t<h2 class=\"elementor-heading-title elementor-size-default\">Agendamento<\/h2>\t\t\t\t<\/div>\n\t\t\t\t<\/div>\n\t\t\t\t<\/div>\n\t\t\t\t\t<\/div>\n\t\t\t\t<\/div>\n\t\t<div class=\"elementor-element elementor-element-e43d37a e-flex e-con-boxed e-con e-parent\" data-id=\"e43d37a\" data-element_type=\"container\" data-settings=\"{&quot;_ha_eqh_enable&quot;:false}\">\n\t\t\t\t\t<div class=\"e-con-inner\">\n\t\t\t\t<div class=\"elementor-element elementor-element-d2f0895 elementor-widget__width-initial elementor-widget-mobile__width-initial elementor-invisible elementor-widget elementor-widget-heading\" data-id=\"d2f0895\" data-element_type=\"widget\" data-settings=\"{&quot;_animation&quot;:&quot;fadeInLeft&quot;}\" data-widget_type=\"heading.default\">\n\t\t\t\t<div class=\"elementor-widget-container\">\n\t\t\t\t\t<h2 class=\"elementor-heading-title elementor-size-default\">Prepare-se para descobrir Lisboa<\/h2>\t\t\t\t<\/div>\n\t\t\t\t<\/div>\n\t\t\t\t<div class=\"elementor-element elementor-element-36d9526 elementor-widget-divider--view-line elementor-invisible elementor-widget elementor-widget-divider\" data-id=\"36d9526\" data-element_type=\"widget\" data-settings=\"{&quot;_animation&quot;:&quot;fadeIn&quot;}\" data-widget_type=\"divider.default\">\n\t\t\t\t<div class=\"elementor-widget-container\">\n\t\t\t\t\t\t\t<div class=\"elementor-divider\">\n\t\t\t<span class=\"elementor-divider-separator\">\n\t\t\t\t\t\t<\/span>\n\t\t<\/div>\n\t\t\t\t\t\t<\/div>\n\t\t\t\t<\/div>\n\t\t\t\t<div class=\"elementor-element elementor-element-1288ac2 elementor-widget__width-initial elementor-invisible elementor-widget elementor-widget-text-editor\" data-id=\"1288ac2\" data-element_type=\"widget\" data-settings=\"{&quot;_animation&quot;:&quot;fadeInLeft&quot;}\" data-widget_type=\"text-editor.default\">\n\t\t\t\t<div class=\"elementor-widget-container\">\n\t\t\t\t\t\t\t\t\t<p>Agendar sua experi\u00eancia fotogr\u00e1fica conosco \u00e9 f\u00e1cil e r\u00e1pido. Em apenas tr\u00eas passos simples, voc\u00ea estar\u00e1 pronto para explorar Lisboa com os nossos talentosos fot\u00f3grafos ao seu lado. Aqui est\u00e1 como voc\u00ea pode dar in\u00edcio \u00e0 sua aventura:<\/p>\t\t\t\t\t\t\t\t<\/div>\n\t\t\t\t<\/div>\n\t\t\t\t\t<\/div>\n\t\t\t\t<\/div>\n\t\t<div class=\"elementor-element elementor-element-da9526e elementor-hidden-mobile e-flex e-con-boxed e-con e-parent\" data-id=\"da9526e\" data-element_type=\"container\" data-settings=\"{&quot;_ha_eqh_enable&quot;:false}\">\n\t\t\t\t\t<div class=\"e-con-inner\">\n\t\t\t\t<div class=\"elementor-element elementor-element-bd11857 elementor-widget__width-initial elementor-invisible elementor-widget elementor-widget-ha-step-flow happy-addon ha-step-flow\" data-id=\"bd11857\" data-element_type=\"widget\" data-settings=\"{&quot;_animation&quot;:&quot;fadeInUp&quot;}\" data-widget_type=\"ha-step-flow.default\">\n\t\t\t\t<div class=\"elementor-widget-container\">\n\t\t\t\t\t\n\t\t<div class=\"ha-steps-icon\">\n\t\t\t\t\t\t\t<span class=\"ha-step-arrow\"><\/span>\n\t\t\t\n\t\t\t<i aria-hidden=\"true\" class=\"hm hm-traveller\"><\/i>\n\t\t\t\t\t\t\t<span class=\"ha-steps-label\">1<\/span>\n\t\t\t\t\t<\/div>\n\n\t\t<h2 class=\"ha-steps-title\">Escolha seu tour<\/h2>\n\t\t\t\t\t<p class=\"ha-step-description\">Navegue pelos nossos tours de passeio fotogr\u00e1fico e escolha o que mais se alinha aos seus interesses. Cada pacote oferece uma experi\u00eancia \u00fanica em diferentes locais ic\u00f4nicos de Lisboa.<\/p>\n\t\t\n\t\t\t\t\t\t<\/div>\n\t\t\t\t<\/div>\n\t\t\t\t<div class=\"elementor-element elementor-element-f04e21a elementor-widget__width-initial elementor-invisible elementor-widget elementor-widget-ha-step-flow happy-addon ha-step-flow\" data-id=\"f04e21a\" data-element_type=\"widget\" data-settings=\"{&quot;_animation&quot;:&quot;fadeInUp&quot;}\" data-widget_type=\"ha-step-flow.default\">\n\t\t\t\t<div class=\"elementor-widget-container\">\n\t\t\t\t\t\n\t\t<div class=\"ha-steps-icon\">\n\t\t\t\t\t\t\t<span class=\"ha-step-arrow\"><\/span>\n\t\t\t\n\t\t\t<i aria-hidden=\"true\" class=\"hm hm-camera\"><\/i>\n\t\t\t\t\t\t\t<span class=\"ha-steps-label\">2<\/span>\n\t\t\t\t\t<\/div>\n\n\t\t<h2 class=\"ha-steps-title\">Selecione seu fot\u00f3grafo<\/h2>\n\t\t\t\t\t<p class=\"ha-step-description\">Conhe\u00e7a nossos fot\u00f3grafos profissionais, cada um com seu estilo \u00fanico e especialidade. Selecione o fot\u00f3grafo que melhor se conecta com voc\u00ea, considerando sua origem e abordagem art\u00edstica.<\/p>\n\t\t\n\t\t\t\t\t\t<\/div>\n\t\t\t\t<\/div>\n\t\t\t\t<div class=\"elementor-element elementor-element-6babe1c elementor-widget__width-initial elementor-invisible elementor-widget elementor-widget-ha-step-flow happy-addon ha-step-flow\" data-id=\"6babe1c\" data-element_type=\"widget\" data-settings=\"{&quot;_animation&quot;:&quot;fadeInUp&quot;}\" data-widget_type=\"ha-step-flow.default\">\n\t\t\t\t<div class=\"elementor-widget-container\">\n\t\t\t\t\t\n\t\t<div class=\"ha-steps-icon\">\n\t\t\t\n\t\t\t<i aria-hidden=\"true\" class=\"hm hm-calendar2\"><\/i>\n\t\t\t\t\t\t\t<span class=\"ha-steps-label\">3<\/span>\n\t\t\t\t\t<\/div>\n\n\t\t<h2 class=\"ha-steps-title\">Agende e desfrute<\/h2>\n\t\t\t\t\t<p class=\"ha-step-description\">Escolha a data e o hor\u00e1rio que melhor se encaixam na sua agenda de viagem. Depois, \u00e9 s\u00f3 se preparar para desfrutar de uma experi\u00eancia fotogr\u00e1fica inesquec\u00edvel em Lisboa.<\/p>\n\t\t\n\t\t\t\t\t\t<\/div>\n\t\t\t\t<\/div>\n\t\t\t\t\t<\/div>\n\t\t\t\t<\/div>\n\t\t<div class=\"elementor-element elementor-element-a331420 elementor-hidden-desktop elementor-hidden-tablet e-flex e-con-boxed e-con e-parent\" data-id=\"a331420\" data-element_type=\"container\" data-settings=\"{&quot;_ha_eqh_enable&quot;:false}\">\n\t\t\t\t\t<div class=\"e-con-inner\">\n\t\t\t\t<div class=\"elementor-element elementor-element-302a89e elementor-pagination-type-bullets elementor-pagination-position-outside elementor-widget elementor-widget-n-carousel\" data-id=\"302a89e\" data-element_type=\"widget\" data-settings=\"{&quot;carousel_items&quot;:[{&quot;slide_title&quot;:&quot;Slide #1&quot;,&quot;_id&quot;:&quot;8604582&quot;},{&quot;slide_title&quot;:&quot;Slide #2&quot;,&quot;_id&quot;:&quot;6171ccd&quot;},{&quot;slide_title&quot;:&quot;Slide #3&quot;,&quot;_id&quot;:&quot;349bffa&quot;}],&quot;slides_to_show_tablet&quot;:&quot;2&quot;,&quot;slides_to_show_mobile&quot;:&quot;1&quot;,&quot;speed&quot;:500,&quot;pagination&quot;:&quot;bullets&quot;,&quot;image_spacing_custom&quot;:{&quot;unit&quot;:&quot;px&quot;,&quot;size&quot;:10,&quot;sizes&quot;:[]},&quot;image_spacing_custom_tablet&quot;:{&quot;unit&quot;:&quot;px&quot;,&quot;size&quot;:&quot;&quot;,&quot;sizes&quot;:[]},&quot;image_spacing_custom_mobile&quot;:{&quot;unit&quot;:&quot;px&quot;,&quot;size&quot;:&quot;&quot;,&quot;sizes&quot;:[]}}\" data-widget_type=\"nested-carousel.default\">\n\t\t\t\t<div class=\"elementor-widget-container\">\n\t\t\t\t\t\t\t<div class=\"e-n-carousel swiper\" role=\"region\" aria-roledescription=\"carousel\" aria-label=\"Carousel\" dir=\"ltr\">\n\t\t\t<div class=\"swiper-wrapper\" aria-live=\"polite\">\n\t\t\t\t\t\t\t\t\t\t<div class=\"swiper-slide\" data-slide=\"1\" role=\"group\" aria-roledescription=\"slide\" aria-label=\"1 of 3\">\n\t\t\t\t\t\t\t<div class=\"elementor-element elementor-element-ee31fae e-flex e-con-boxed e-con e-child\" data-id=\"ee31fae\" data-element_type=\"container\" data-settings=\"{&quot;_ha_eqh_enable&quot;:false}\">\n\t\t\t\t\t<div class=\"e-con-inner\">\n\t\t\t\t<div class=\"elementor-element elementor-element-adb2fb3 elementor-widget__width-initial elementor-widget elementor-widget-ha-step-flow happy-addon ha-step-flow\" data-id=\"adb2fb3\" data-element_type=\"widget\" data-widget_type=\"ha-step-flow.default\">\n\t\t\t\t<div class=\"elementor-widget-container\">\n\t\t\t\t\t\n\t\t<div class=\"ha-steps-icon\">\n\t\t\t\t\t\t\t<span class=\"ha-step-arrow\"><\/span>\n\t\t\t\n\t\t\t<i aria-hidden=\"true\" class=\"hm hm-traveller\"><\/i>\n\t\t\t\t\t\t\t<span class=\"ha-steps-label\">1<\/span>\n\t\t\t\t\t<\/div>\n\n\t\t<h2 class=\"ha-steps-title\">Escolha seu tour<\/h2>\n\t\t\t\t\t<p class=\"ha-step-description\">Navegue pelos nossos tours de passeio fotogr\u00e1fico e escolha o que mais se alinha aos seus interesses. Cada pacote oferece uma experi\u00eancia \u00fanica em diferentes locais ic\u00f4nicos de Lisboa.<\/p>\n\t\t\n\t\t\t\t\t\t<\/div>\n\t\t\t\t<\/div>\n\t\t\t\t\t<\/div>\n\t\t\t\t<\/div>\n\t\t\t\t\t\t\t\t<\/div>\n\t\t\t\t\t\t\t\t\t\t\t<div class=\"swiper-slide\" data-slide=\"2\" role=\"group\" aria-roledescription=\"slide\" aria-label=\"2 of 3\">\n\t\t\t\t\t\t\t<div class=\"elementor-element elementor-element-395887c e-flex e-con-boxed e-con e-child\" data-id=\"395887c\" data-element_type=\"container\" data-settings=\"{&quot;_ha_eqh_enable&quot;:false}\">\n\t\t\t\t\t<div class=\"e-con-inner\">\n\t\t\t\t<div class=\"elementor-element elementor-element-8320512 elementor-widget__width-initial elementor-widget elementor-widget-ha-step-flow happy-addon ha-step-flow\" data-id=\"8320512\" data-element_type=\"widget\" data-widget_type=\"ha-step-flow.default\">\n\t\t\t\t<div class=\"elementor-widget-container\">\n\t\t\t\t\t\n\t\t<div class=\"ha-steps-icon\">\n\t\t\t\t\t\t\t<span class=\"ha-step-arrow\"><\/span>\n\t\t\t\n\t\t\t<i aria-hidden=\"true\" class=\"hm hm-camera\"><\/i>\n\t\t\t\t\t\t\t<span class=\"ha-steps-label\">2<\/span>\n\t\t\t\t\t<\/div>\n\n\t\t<h2 class=\"ha-steps-title\">Selecione seu fot\u00f3grafo<\/h2>\n\t\t\t\t\t<p class=\"ha-step-description\">Conhe\u00e7a nossos fot\u00f3grafos profissionais, cada um com seu estilo \u00fanico e especialidade. Selecione o fot\u00f3grafo que melhor se conecta com voc\u00ea, considerando sua origem e abordagem art\u00edstica.<\/p>\n\t\t\n\t\t\t\t\t\t<\/div>\n\t\t\t\t<\/div>\n\t\t\t\t\t<\/div>\n\t\t\t\t<\/div>\n\t\t\t\t\t\t\t\t<\/div>\n\t\t\t\t\t\t\t\t\t\t\t<div class=\"swiper-slide\" data-slide=\"3\" role=\"group\" aria-roledescription=\"slide\" aria-label=\"3 of 3\">\n\t\t\t\t\t\t\t<div class=\"elementor-element elementor-element-1996759 e-flex e-con-boxed e-con e-child\" data-id=\"1996759\" data-element_type=\"container\" data-settings=\"{&quot;_ha_eqh_enable&quot;:false}\">\n\t\t\t\t\t<div class=\"e-con-inner\">\n\t\t\t\t<div class=\"elementor-element elementor-element-d005b51 elementor-widget__width-initial elementor-widget elementor-widget-ha-step-flow happy-addon ha-step-flow\" data-id=\"d005b51\" data-element_type=\"widget\" data-widget_type=\"ha-step-flow.default\">\n\t\t\t\t<div class=\"elementor-widget-container\">\n\t\t\t\t\t\n\t\t<div class=\"ha-steps-icon\">\n\t\t\t\n\t\t\t<i aria-hidden=\"true\" class=\"hm hm-calendar2\"><\/i>\n\t\t\t\t\t\t\t<span class=\"ha-steps-label\">3<\/span>\n\t\t\t\t\t<\/div>\n\n\t\t<h2 class=\"ha-steps-title\">Agende e desfrute<\/h2>\n\t\t\t\t\t<p class=\"ha-step-description\">Escolha a data e o hor\u00e1rio que melhor se encaixam na sua agenda de viagem. Depois, \u00e9 s\u00f3 se preparar para desfrutar de uma experi\u00eancia fotogr\u00e1fica inesquec\u00edvel em Lisboa.<\/p>\n\t\t\n\t\t\t\t\t\t<\/div>\n\t\t\t\t<\/div>\n\t\t\t\t\t<\/div>\n\t\t\t\t<\/div>\n\t\t\t\t\t\t\t\t<\/div>\n\t\t\t\t\t\t\t\t<\/div>\n\t\t<\/div>\n\t\t\t\t\t<div class=\"swiper-pagination\"><\/div>\n\t\t\t\t\t\t<\/div>\n\t\t\t\t<\/div>\n\t\t\t\t\t<\/div>\n\t\t\t\t<\/div>\n\t\t<div class=\"elementor-element elementor-element-f5d0c04 e-flex e-con-boxed elementor-invisible e-con e-parent\" data-id=\"f5d0c04\" data-element_type=\"container\" data-settings=\"{&quot;animation&quot;:&quot;fadeInUp&quot;,&quot;_ha_eqh_enable&quot;:false}\">\n\t\t\t\t\t<div class=\"e-con-inner\">\n\t\t<div class=\"elementor-element elementor-element-5679951 e-con-full e-flex e-con e-child\" data-id=\"5679951\" data-element_type=\"container\" data-settings=\"{&quot;_ha_eqh_enable&quot;:false}\">\n\t\t\t\t<div class=\"elementor-element elementor-element-be057a3 elementor-widget elementor-widget-text-editor\" data-id=\"be057a3\" data-element_type=\"widget\" data-widget_type=\"text-editor.default\">\n\t\t\t\t<div class=\"elementor-widget-container\">\n\t\t\t\t\t\t\t\t\t<script type=\"text\/javascript\">\n    (function (win, fn) {\n        var done = false, top = true,\n            doc = win.document,\n            root = doc.documentElement,\n            modern = doc.addEventListener,\n            add = modern ? 'addEventListener' : 'attachEvent',\n            rem = modern ? 'removeEventListener' : 'detachEvent',\n            pre = modern ? '' : 'on',\n            init = function (e) {\n                if (e.type == 'readystatechange') if (doc.readyState != 'complete') return;\n                (e.type == 'load' ? win : doc)[rem](pre + e.type, init, false);\n                if (!done) {\n                    done = true;\n                    fn.call(win, e.type || e);\n                }\n            },\n            poll = function () {\n                try {\n                    root.doScroll('left');\n                } catch (e) {\n                    setTimeout(poll, 50);\n                    return;\n                }\n                init('poll');\n            };\n        if (doc.readyState == 'complete') fn.call(win, 'lazy');\n        else {\n            if (!modern) if (root.doScroll) {\n                try {\n                    top = !win.frameElement;\n                } catch (e) {\n                }\n                if (top) poll();\n            }\n            doc[add](pre + 'DOMContentLoaded', init, false);\n            doc[add](pre + 'readystatechange', init, false);\n            win[add](pre + 'load', init, false);\n        }\n    })(window, function () {\n        window.BooklyServicesForm.showForm(\"bookly-services-form-my-form-952\", \"bookly-services-form-my-form-952-69d42c3d28377\", {\"main_color\":\"#daa520\",\"service_card_width\":260,\"service_header_height\":120,\"staff_card_width\":260,\"show_book_more\":true,\"show_qr_code\":true,\"show_calendar\":true,\"show_services_filter\":true,\"show_staff_filter\":false,\"show_staff_rating\":false,\"show_timezone\":false,\"show_receipt_on_cart\":true,\"show_receipt_on_payment\":true,\"skip_cart_step\":false,\"use_cart_local_storage\":true,\"default_service\":null,\"default_staff\":null,\"service_card_show_badge\":true,\"package_card_show_badge\":true,\"gift_card_show_badge\":true,\"services_fields_order\":[\"service\",\"duration\",\"price\"],\"services_fields_show\":[\"service\",\"duration\",\"price\"],\"packages_fields_order\":[\"package\",\"service\",\"duration\",\"price\"],\"packages_fields_show\":[\"package\",\"service\",\"duration\",\"price\"],\"gift_cards_fields_order\":[\"title\",\"price\"],\"gift_cards_fields_show\":[\"title\",\"price\"],\"show_first_slot_only\":false,\"show_gift_cards\":true,\"show_add_to_calendar\":false,\"show_slot_info\":false,\"sell_services\":true,\"sell_gift_cards\":false,\"full_name_required\":true,\"first_name_required\":true,\"last_name_required\":true,\"email_required\":true,\"phone_required\":true,\"address_required\":false,\"verify_credentials\":false,\"show_summary_service\":true,\"show_summary_staff\":true,\"show_summary_date\":true,\"show_summary_price\":true,\"show_blocked_slots\":false,\"hidden_services\":[],\"hidden_gift_cards\":[],\"details_fields_order\":[\"text\",\"full_name\",\"first_name\",\"last_name\",\"email\",\"phone\",\"address\",\"notes\",\"terms\",\"google_maps\",\"custom_fields\"],\"details_fields_width\":{\"text\":12,\"full_name\":12,\"first_name\":6,\"last_name\":6,\"email\":6,\"phone\":6,\"google_maps\":12,\"address\":12,\"notes\":12,\"terms\":12,\"custom_fields\":[]},\"details_fields_show\":[\"text\",\"first_name\",\"last_name\",\"email\",\"phone\",\"custom_fields\"],\"cards_display_mode\":\"with_slots\",\"available_dates\":\"schedule\",\"show_services_mode\":\"no_any\",\"address\":{\"order\":[\"country\",\"state\",\"postcode\",\"city\",\"street\",\"street_number\",\"additional_address\"],\"show\":[\"country\",\"state\",\"postcode\",\"city\",\"street\",\"street_number\",\"additional_address\"],\"labels\":{\"country\":\"Pa\\u00eds\",\"state\":\"Estado\\\/Regi\\u00e3o\",\"postcode\":\"C\\u00f3digo Postal\",\"city\":\"Cidade\",\"street\":\"Endere\\u00e7o\",\"street_number\":\"N\\u00famero da rua\",\"additional_address\":\"Endere\\u00e7o adicional\"}},\"l10n\":{\"steps\":{\"calendar\":\"Iniciar\",\"extras\":\"Extras\",\"slots\":\"Hora\",\"cart\":\"Carrinho\",\"details\":\"Detalhes\",\"payment\":\"Pagamento\",\"done\":\"Acabar\"},\"steps_descriptions\":{\"calendar\":\"Selecione servi\\u00e7o\",\"extras\":\"Adicionar extras\",\"slots\":\"Selecionar faixa hor\\u00e1ria\",\"cart\":\"Verificar o carrinho\",\"details\":\"A sua informa\\u00e7\\u00e3o\",\"payment\":\"Efetuar a compra\",\"done\":\"Concluir\"},\"address_label\":\"Endere\\u00e7o\",\"address_placeholders\":{\"country\":\"Pa\\u00eds\",\"state\":\"Estado\\\/Regi\\u00e3o\",\"postcode\":\"C\\u00f3digo Postal\",\"city\":\"Cidade\",\"street\":\"Endere\\u00e7o\",\"street_number\":\"N\\u00famero da rua\",\"additional_address\":\"Endere\\u00e7o adicional\"},\"notes\":\"Observa\\u00e7\\u00f5es\",\"staff\":\"Fot\\u00f3grafo\",\"any_staff\":\"Qualquer\",\"service\":\"Servi\\u00e7o\",\"gift_card\":\"Cart\\u00e3o oferta\",\"gift_card_title\":\"Cart\\u00e3o oferta\",\"date\":\"Data\",\"time\":\"Hora\",\"price\":\"Pre\\u00e7o\",\"next\":\"Seguinte\",\"back\":\"Voltar\",\"select_service\":\"Selecione servi\\u00e7o\",\"select_staff\":\"Qualquer\",\"book_now\":\"Reserve agora\",\"buy_now\":\"Comprar agora\",\"book_more\":\"Reserve mais\\n\\n\",\"close\":\"Fechar\",\"full_name\":\"Nome completo\",\"full_name_error_required\":\"Obrigat\\u00f3rio\",\"first_name\":\"Primeiro nome\",\"first_name_error_required\":\"Obrigat\\u00f3rio\",\"last_name\":\"\\u00daltimo nome\",\"last_name_error_required\":\"Obrigat\\u00f3rio\",\"email\":\"E-mail\",\"email_error_required\":\"Obrigat\\u00f3rio\",\"phone\":\"Telefone\",\"phone_error_required\":\"Obrigat\\u00f3rio\",\"address_field_required\":\"Obrigat\\u00f3rio\",\"no_slots\":\"N\\u00e3o h\\u00e1 faixas hor\\u00e1rias dispon\\u00edveis\",\"slot_not_available\":\"Bloco j\\u00e1 reservado\",\"no_results\":\"N\\u00e3o foram encontrados resultados\",\"nop\":\"N\\u00famero de pessoas\",\"booking_success\":\"Obrigado!\",\"booking_error\":\"Oops!\",\"booking_completed\":\"A sua reserva est\\u00e1 completa.\",\"gift_card_booking_completed\":\"O seu cart\\u00e3o-presente foi criado.\",\"processing\":\"O seu pagamento foi aceite para processamento.\",\"group_skip_payment\":\"O pagamento foi ignorado.\",\"payment_impossible\":\"N\\u00e3o existem m\\u00e9todos de pagamento dispon\\u00edveis. Contactar o fornecedor de servi\\u00e7os.\",\"appointments_limit_reached\":\"Est\\u00e1 a usar o servi\\u00e7o com muita frequ\\u00eancia. Por favor, entre em contato connosco para fazer uma reserva.\",\"terms_text\":\"Concordo com os termos do servi\\u00e7o \",\"text_calendar\":\"Por favor, selecione um fot\\u00f3grafo\",\"text_extras\":\"Selecione os Extras se quiser (sele\\u00e7\\u00e3o m\\u00faltipla)\",\"text_slots\":\"Clique num espa\\u00e7o de tempo para prosseguir com a reserva\",\"text_details\":\"Por favor forne\\u00e7a os seus dados no formul\\u00e1rio abaixo para proceder \\u00e0 reserva\",\"text_payment\":\"Diga-nos, por favor, como gostaria de pagar\",\"gift_card_label\":\"Cart\\u00e3o oferta\",\"gift_card_button\":\"Aplicar\",\"gift_card_text\":\"O c\\u00f3digo do seu cart\\u00e3o-presente, se tiver um\",\"gift_card_expired\":\"Este cart\\u00e3o de oferta expirou\",\"gift_card_invalid\":\"Este cart\\u00e3o oferta n\\u00e3o pode ser utilizado para a encomenda atual\",\"gift_card_low_balance\":\"N\\u00e3o \\u00e9 suficiente o saldo do cart\\u00e3o de oferta\",\"gift_card_not_found\":\"Cart\\u00e3o de oferta n\\u00e3o encontrado\",\"timezone\":\"O seu fuso hor\\u00e1rio\",\"select_city\":\"Selecione a cidade\",\"add_to_calendar\":\"Adicionar ao calend\\u00e1rio\",\"total\":\"Total\",\"sub_total\":\"Subtotal\",\"discount\":\"Desconto\",\"to_pay\":\"Valor a pagar\",\"verify_code\":\"C\\u00f3digo de verifica\\u00e7\\u00e3o\",\"verify_email\":\"Introduza o c\\u00f3digo de verifica\\u00e7\\u00e3o do email \",\"verify_phone\":\"Introduza o c\\u00f3digo de verifica\\u00e7\\u00e3o da SMS\",\"verify_resend\":\"Reenviar c\\u00f3digo\",\"verify_apply\":\"Aplicar\",\"verify_code_incorrect\":\"C\\u00f3digo de verifica\\u00e7\\u00e3o incorreto\",\"cart_item_not_available\":\"A hora selecionada j\\u00e1 n\\u00e3o est\\u00e1 dispon\\u00edvel\",\"categories\":\"Pacotes\",\"text_categories\":\"Por favor selecione uma categoria\",\"text_services\":\"Por favor, selecione um tour\",\"more\":\"+%d mais\",\"payment_system_local\":\"Pago no local\"},\"category_card_width\":260,\"category_header_height\":120,\"category_body_height\":240,\"step_service_card_width\":337,\"step_service_card_header_height\":433,\"step_service_card_body_height\":0,\"categories_list\":null,\"services_list\":[\"1\",\"2\",\"3\"],\"skip_categories_step\":true,\"skip_services_step\":false,\"type\":\"services-form\",\"staff_any\":false,\"name\":\"My form\",\"services_any\":false,\"custom_css\":\".bookly-service-image-overlay {\\n    display: none !important;\\n}\\n\",\"token\":\"my-form-952\"});\n    });\n    var ajaxurl = \"https:\/\/tourlisboeta.com\/wp-admin\/admin-ajax.php\";\n<\/script>\n<style>\n    .bookly-services-form-my-form-952-69d42c3d28377 {\n        --bookly-color: #daa520;\n    }\n\n    :root {\n        --bookly-flags-url: url(https:\/\/tourlisboeta.com\/wp-content\/plugins\/bookly-responsive-appointment-booking-tool\/frontend\/resources\/images\/flags.png);\n        --bookly-flags2x-url: url(https:\/\/tourlisboeta.com\/wp-content\/plugins\/bookly-responsive-appointment-booking-tool\/frontend\/resources\/images\/flags@2x.png);\n        --rtl-phone-align: left;\n    }\n<\/style>\n    <style>\n        .bookly-service-image-overlay {\n    display: none !important;\n}    <\/style>\n<div id=\"bookly-services-form-my-form-952-69d42c3d28377\" class=\"bookly-services-form-container bookly-services-form-my-form-952-69d42c3d28377\"><\/div>\t\t\t\t\t\t\t\t<\/div>\n\t\t\t\t<\/div>\n\t\t\t\t<\/div>\n\t\t\t\t\t<\/div>\n\t\t\t\t<\/div>\n\t\t<div class=\"elementor-element elementor-element-047b56a e-flex e-con-boxed e-con e-parent\" data-id=\"047b56a\" data-element_type=\"container\" data-settings=\"{&quot;background_background&quot;:&quot;classic&quot;,&quot;_ha_eqh_enable&quot;:false}\">\n\t\t\t\t\t<div class=\"e-con-inner\">\n\t\t\t\t<div class=\"elementor-element elementor-element-498a2ea elementor-widget elementor-widget-heading\" data-id=\"498a2ea\" data-element_type=\"widget\" data-widget_type=\"heading.default\">\n\t\t\t\t<div class=\"elementor-widget-container\">\n\t\t\t\t\t<h2 class=\"elementor-heading-title elementor-size-default\">Alguma d\u00favida?<br>\nFale connosco rapidamente!<\/h2>\t\t\t\t<\/div>\n\t\t\t\t<\/div>\n\t\t\t\t<div class=\"elementor-element elementor-element-b7c3c5f elementor-align-center elementor-widget elementor-widget-button\" data-id=\"b7c3c5f\" data-element_type=\"widget\" data-widget_type=\"button.default\">\n\t\t\t\t<div class=\"elementor-widget-container\">\n\t\t\t\t\t\t\t\t\t<div class=\"elementor-button-wrapper\">\n\t\t\t\t\t<a class=\"elementor-button elementor-button-link elementor-size-sm\" href=\"https:\/\/wa.me\/351924335775?text=Ol\u00e1!%20Gostaria%20de%20mais%20informa\u00e7\u00f5es%20sobre%20os%20tours%20fotogr\u00e1ficos.\" target=\"_blank\">\n\t\t\t\t\t\t<span class=\"elementor-button-content-wrapper\">\n\t\t\t\t\t\t<span class=\"elementor-button-icon\">\n\t\t\t\t<svg aria-hidden=\"true\" class=\"e-font-icon-svg e-fab-whatsapp\" viewBox=\"0 0 448 512\" xmlns=\"http:\/\/www.w3.org\/2000\/svg\"><path d=\"M380.9 97.1C339 55.1 283.2 32 223.9 32c-122.4 0-222 99.6-222 222 0 39.1 10.2 77.3 29.6 111L0 480l117.7-30.9c32.4 17.7 68.9 27 106.1 27h.1c122.3 0 224.1-99.6 224.1-222 0-59.3-25.2-115-67.1-157zm-157 341.6c-33.2 0-65.7-8.9-94-25.7l-6.7-4-69.8 18.3L72 359.2l-4.4-7c-18.5-29.4-28.2-63.3-28.2-98.2 0-101.7 82.8-184.5 184.6-184.5 49.3 0 95.6 19.2 130.4 54.1 34.8 34.9 56.2 81.2 56.1 130.5 0 101.8-84.9 184.6-186.6 184.6zm101.2-138.2c-5.5-2.8-32.8-16.2-37.9-18-5.1-1.9-8.8-2.8-12.5 2.8-3.7 5.6-14.3 18-17.6 21.8-3.2 3.7-6.5 4.2-12 1.4-32.6-16.3-54-29.1-75.5-66-5.7-9.8 5.7-9.1 16.3-30.3 1.8-3.7.9-6.9-.5-9.7-1.4-2.8-12.5-30.1-17.1-41.2-4.5-10.8-9.1-9.3-12.5-9.5-3.2-.2-6.9-.2-10.6-.2-3.7 0-9.7 1.4-14.8 6.9-5.1 5.6-19.4 19-19.4 46.3 0 27.3 19.9 53.7 22.6 57.4 2.8 3.7 39.1 59.7 94.8 83.8 35.2 15.2 49 16.5 66.6 13.9 10.7-1.6 32.8-13.4 37.4-26.4 4.6-13 4.6-24.1 3.2-26.4-1.3-2.5-5-3.9-10.5-6.6z\"><\/path><\/svg>\t\t\t<\/span>\n\t\t\t\t\t\t\t\t\t<span class=\"elementor-button-text\">Fale Connosco<\/span>\n\t\t\t\t\t<\/span>\n\t\t\t\t\t<\/a>\n\t\t\t\t<\/div>\n\t\t\t\t\t\t\t\t<\/div>\n\t\t\t\t<\/div>\n\t\t\t\t\t<\/div>\n\t\t\t\t<\/div>\n\t\t\t\t<\/div>\n\t\t","protected":false},"excerpt":{"rendered":"<p>Agendamento Prepare-se para descobrir Lisboa Agendar sua experi\u00eancia fotogr\u00e1fica conosco \u00e9 f\u00e1cil e r\u00e1pido. Em apenas tr\u00eas passos simples, voc\u00ea estar\u00e1 pronto para explorar Lisboa com os nossos talentosos fot\u00f3grafos ao seu lado. Aqui est\u00e1 como voc\u00ea pode dar in\u00edcio \u00e0 sua aventura: 1 Escolha seu tour Navegue pelos nossos tours de passeio fotogr\u00e1fico e [&hellip;]<\/p>\n","protected":false},"author":1,"featured_media":0,"parent":0,"menu_order":0,"comment_status":"closed","ping_status":"closed","template":"","meta":{"footnotes":""},"class_list":["post-385","page","type-page","status-publish","hentry"],"_links":{"self":[{"href":"https:\/\/tourlisboeta.com\/index.php\/wp-json\/wp\/v2\/pages\/385","targetHints":{"allow":["GET"]}}],"collection":[{"href":"https:\/\/tourlisboeta.com\/index.php\/wp-json\/wp\/v2\/pages"}],"about":[{"href":"https:\/\/tourlisboeta.com\/index.php\/wp-json\/wp\/v2\/types\/page"}],"author":[{"embeddable":true,"href":"https:\/\/tourlisboeta.com\/index.php\/wp-json\/wp\/v2\/users\/1"}],"replies":[{"embeddable":true,"href":"https:\/\/tourlisboeta.com\/index.php\/wp-json\/wp\/v2\/comments?post=385"}],"version-history":[{"count":250,"href":"https:\/\/tourlisboeta.com\/index.php\/wp-json\/wp\/v2\/pages\/385\/revisions"}],"predecessor-version":[{"id":2056,"href":"https:\/\/tourlisboeta.com\/index.php\/wp-json\/wp\/v2\/pages\/385\/revisions\/2056"}],"wp:attachment":[{"href":"https:\/\/tourlisboeta.com\/index.php\/wp-json\/wp\/v2\/media?parent=385"}],"curies":[{"name":"wp","href":"https:\/\/api.w.org\/{rel}","templated":true}]}}